{"id":495,"date":"2022-02-21T12:43:39","date_gmt":"2022-02-21T12:43:39","guid":{"rendered":"https:\/\/flumine.io\/index.php\/projects\/"},"modified":"2024-01-01T13:24:25","modified_gmt":"2024-01-01T19:24:25","slug":"projects","status":"publish","type":"page","link":"https:\/\/flumine.io\/index.php\/projects\/","title":{"rendered":"Blog"},"content":{"rendered":"\n<div class=\"wp-block-uagb-container uagb-block-5451af51 alignfull uagb-is-root-container\"><div class=\"uagb-container-inner-blocks-wrap\">\n<div class=\"wp-block-uagb-advanced-heading uagb-block-f45ed1f8\"><h1 class=\"uagb-heading-text\">BLOG<\/h1><\/div>\n<\/div><\/div>\n\n\n\n<div class=\"wp-block-uagb-container uagb-block-9ef75f03 alignfull uagb-is-root-container\"><div class=\"uagb-container-inner-blocks-wrap\">\n\t\t\t<div class=\"wp-block-uagb-post-carousel uagb-post-grid  uagb-post__image-position-top uagb-post__image-enabled uagb-block-d473bd09     uagb-post__arrow-outside uagb-post__items uagb-post__columns-3 is-carousel uagb-post__columns-tablet-2 uagb-post__columns-mobile-1\" data-total=\"1\" style=\"\">\n\n\t\t\t\t\t\t\t\t\t\t\t\t<article class=\"uagb-post__inner-wrap\">\t\t\t\t\t\t\t\t<div class='uagb-post__image'>\n\t\t\t\t\t\t\t\t\t<a href=\"https:\/\/flumine.io\/index.php\/2023\/12\/31\/la-era-digital-en-la-industria-de-generacion-electrica-transformando-el-futuro-de-la-energia\/\" target=\"_self\" rel=\"bookmark noopener noreferrer\"><img loading=\"lazy\" decoding=\"async\" width=\"1024\" height=\"683\" src=\"https:\/\/flumine.io\/wp-content\/uploads\/2023\/12\/close-up-of-motherboard-1024x683.jpg\" class=\"attachment-large size-large\" alt=\"\" srcset=\"https:\/\/flumine.io\/wp-content\/uploads\/2023\/12\/close-up-of-motherboard-1024x683.jpg 1024w, https:\/\/flumine.io\/wp-content\/uploads\/2023\/12\/close-up-of-motherboard-300x200.jpg 300w, https:\/\/flumine.io\/wp-content\/uploads\/2023\/12\/close-up-of-motherboard-768x512.jpg 768w, https:\/\/flumine.io\/wp-content\/uploads\/2023\/12\/close-up-of-motherboard-1536x1024.jpg 1536w, https:\/\/flumine.io\/wp-content\/uploads\/2023\/12\/close-up-of-motherboard-2048x1365.jpg 2048w\" sizes=\"(max-width: 1024px) 100vw, 1024px\" \/>\t\t\t\t\t<\/a>\n\t\t\t\t\t\t\t\t\t<\/div>\n\t\t\t\t\t\t<h4 class=\"uagb-post__title uagb-post__text\">\n\t\t\t\t<a href=\"https:\/\/flumine.io\/index.php\/2023\/12\/31\/la-era-digital-en-la-industria-de-generacion-electrica-transformando-el-futuro-de-la-energia\/\" target=\"_self\" rel=\"bookmark noopener noreferrer\">La Era Digital en la Industria de Generaci\u00f3n El\u00e9ctrica: Transformando el Futuro de la Energ\u00eda<\/a>\n\t\t\t<\/h4>\n\t\t\t\t\t\t<div class='uagb-post__text uagb-post-grid-byline'>\n\t\t\t\t\t\t\t\t<time datetime=\"2023-12-31T19:26:11-06:00\" class=\"uagb-post__date\">\n\t\t\t\t<span class=\"dashicons-calendar dashicons\"><\/span>\t\t\t\t\t31 diciembre 2023\t\t\t\t<\/time>\n\t\t\t\t\t\t\t<span class=\"uagb-post__comment\">\n\t\t\t\t<span class=\"dashicons-admin-comments dashicons\"><\/span>\t\t\t\t\tNo hay comentarios\t\t\t\t<\/span>\n\t\t\t\t\t\t<\/div>\n\t\t\t\t\t\t\t<div class='uagb-post__text uagb-post__excerpt'>\n\t\t\t\t\tLa digitalizaci\u00f3n ha marcado una transici\u00f3n hacia infraestructuras energ\u00e9ticas m\u00e1s inteligentes y eficientes. \t\t\t\t<\/div>\n\t\t\t\t\t\t<div class=\"uagb-post__text uagb-post__cta wp-block-button\">\n\t\t\t\t<a class=\"wp-block-button__link uagb-text-link\" href=\"https:\/\/flumine.io\/index.php\/2023\/12\/31\/la-era-digital-en-la-industria-de-generacion-electrica-transformando-el-futuro-de-la-energia\/\" target=\"_self\" rel=\"bookmark noopener noreferrer\">Leer m\u00e1s<\/a>\n\t\t\t<\/div>\n\t\t\t\t\t\t\t\t\t\t\t\t<\/article>\n\t\t\t\t\t\t\t\t\t\t\t\t\t\t\t\t<article class=\"uagb-post__inner-wrap\">\t\t\t\t\t\t\t\t<div class='uagb-post__image'>\n\t\t\t\t\t\t\t\t\t<a href=\"https:\/\/flumine.io\/index.php\/2023\/12\/31\/el-papel-vital-de-las-microgrids-forjando-el-futuro-de-la-energia\/\" target=\"_self\" rel=\"bookmark noopener noreferrer\"><img loading=\"lazy\" decoding=\"async\" width=\"1024\" height=\"576\" src=\"https:\/\/flumine.io\/wp-content\/uploads\/2023\/12\/powerlines-at-sunset-1024x576.jpg\" class=\"attachment-large size-large\" alt=\"\" srcset=\"https:\/\/flumine.io\/wp-content\/uploads\/2023\/12\/powerlines-at-sunset-1024x576.jpg 1024w, https:\/\/flumine.io\/wp-content\/uploads\/2023\/12\/powerlines-at-sunset-300x169.jpg 300w, https:\/\/flumine.io\/wp-content\/uploads\/2023\/12\/powerlines-at-sunset-768x432.jpg 768w, https:\/\/flumine.io\/wp-content\/uploads\/2023\/12\/powerlines-at-sunset-1536x864.jpg 1536w, https:\/\/flumine.io\/wp-content\/uploads\/2023\/12\/powerlines-at-sunset-2048x1152.jpg 2048w\" sizes=\"(max-width: 1024px) 100vw, 1024px\" \/>\t\t\t\t\t<\/a>\n\t\t\t\t\t\t\t\t\t<\/div>\n\t\t\t\t\t\t<h4 class=\"uagb-post__title uagb-post__text\">\n\t\t\t\t<a href=\"https:\/\/flumine.io\/index.php\/2023\/12\/31\/el-papel-vital-de-las-microgrids-forjando-el-futuro-de-la-energia\/\" target=\"_self\" rel=\"bookmark noopener noreferrer\">El Papel Vital de las Microgrids: Forjando el Futuro de la Energ\u00eda<\/a>\n\t\t\t<\/h4>\n\t\t\t\t\t\t<div class='uagb-post__text uagb-post-grid-byline'>\n\t\t\t\t\t\t\t\t<time datetime=\"2023-12-31T19:23:09-06:00\" class=\"uagb-post__date\">\n\t\t\t\t<span class=\"dashicons-calendar dashicons\"><\/span>\t\t\t\t\t31 diciembre 2023\t\t\t\t<\/time>\n\t\t\t\t\t\t\t<span class=\"uagb-post__comment\">\n\t\t\t\t<span class=\"dashicons-admin-comments dashicons\"><\/span>\t\t\t\t\tNo hay comentarios\t\t\t\t<\/span>\n\t\t\t\t\t\t<\/div>\n\t\t\t\t\t\t\t<div class='uagb-post__text uagb-post__excerpt'>\n\t\t\t\t\tLas microgrids representan una red el\u00e9ctrica descentralizada, capaz de operar de forma aut\u00f3noma o conectada&#8230;\t\t\t\t<\/div>\n\t\t\t\t\t\t<div class=\"uagb-post__text uagb-post__cta wp-block-button\">\n\t\t\t\t<a class=\"wp-block-button__link uagb-text-link\" href=\"https:\/\/flumine.io\/index.php\/2023\/12\/31\/el-papel-vital-de-las-microgrids-forjando-el-futuro-de-la-energia\/\" target=\"_self\" rel=\"bookmark noopener noreferrer\">Leer m\u00e1s<\/a>\n\t\t\t<\/div>\n\t\t\t\t\t\t\t\t\t\t\t\t<\/article>\n\t\t\t\t\t\t\t\t\t\t\t<\/div>\n\t\t\t<\/div><\/div>\n","protected":false},"excerpt":{"rendered":"<p>BLOG<\/p>\n","protected":false},"author":1,"featured_media":0,"parent":0,"menu_order":0,"comment_status":"closed","ping_status":"closed","template":"","meta":{"_uag_custom_page_level_css":"","site-sidebar-layout":"no-sidebar","site-content-layout":"plain-container","ast-site-content-layout":"normal-width-container","site-content-style":"unboxed","site-sidebar-style":"unboxed","ast-global-header-display":"","ast-banner-title-visibility":"","ast-main-header-display":"","ast-hfb-above-header-display":"","ast-hfb-below-header-display":"","ast-hfb-mobile-header-display":"","site-post-title":"disabled","ast-breadcrumbs-content":"","ast-featured-img":"disabled","footer-sml-layout":"","theme-transparent-header-meta":"enabled","adv-header-id-meta":"","stick-header-meta":"","header-above-stick-meta":"","header-main-stick-meta":"","header-below-stick-meta":"","astra-migrate-meta-layouts":"set","ast-page-background-enabled":"default","ast-page-background-meta":{"desktop":{"background-color":"var(--ast-global-color-4)","background-image":"","background-repeat":"repeat","background-position":"center center","background-size":"auto","background-attachment":"scroll","background-type":"","background-media":"","overlay-type":"","overlay-color":"","overlay-gradient":""},"tablet":{"background-color":"","background-image":"","background-repeat":"repeat","background-position":"center center","background-size":"auto","background-attachment":"scroll","background-type":"","background-media":"","overlay-type":"","overlay-color":"","overlay-gradient":""},"mobile":{"background-color":"","background-image":"","background-repeat":"repeat","background-position":"center center","background-size":"auto","background-attachment":"scroll","background-type":"","background-media":"","overlay-type":"","overlay-color":"","overlay-gradient":""}},"ast-content-background-meta":{"desktop":{"background-color":"var(--ast-global-color-5)","background-image":"","background-repeat":"repeat","background-position":"center center","background-size":"auto","background-attachment":"scroll","background-type":"","background-media":"","overlay-type":"","overlay-color":"","overlay-gradient":""},"tablet":{"background-color":"var(--ast-global-color-5)","background-image":"","background-repeat":"repeat","background-position":"center center","background-size":"auto","background-attachment":"scroll","background-type":"","background-media":"","overlay-type":"","overlay-color":"","overlay-gradient":""},"mobile":{"background-color":"var(--ast-global-color-5)","background-image":"","background-repeat":"repeat","background-position":"center center","background-size":"auto","background-attachment":"scroll","background-type":"","background-media":"","overlay-type":"","overlay-color":"","overlay-gradient":""}},"footnotes":"","_joinchat":[]},"aioseo_notices":[],"uagb_featured_image_src":{"full":false,"thumbnail":false,"medium":false,"medium_large":false,"large":false,"1536x1536":false,"2048x2048":false},"uagb_author_info":{"display_name":"flumine.io","author_link":"https:\/\/flumine.io\/index.php\/author\/flumine-io\/"},"uagb_comment_info":0,"uagb_excerpt":"BLOG","_links":{"self":[{"href":"https:\/\/flumine.io\/index.php\/wp-json\/wp\/v2\/pages\/495"}],"collection":[{"href":"https:\/\/flumine.io\/index.php\/wp-json\/wp\/v2\/pages"}],"about":[{"href":"https:\/\/flumine.io\/index.php\/wp-json\/wp\/v2\/types\/page"}],"author":[{"embeddable":true,"href":"https:\/\/flumine.io\/index.php\/wp-json\/wp\/v2\/users\/1"}],"replies":[{"embeddable":true,"href":"https:\/\/flumine.io\/index.php\/wp-json\/wp\/v2\/comments?post=495"}],"version-history":[{"count":5,"href":"https:\/\/flumine.io\/index.php\/wp-json\/wp\/v2\/pages\/495\/revisions"}],"predecessor-version":[{"id":1253,"href":"https:\/\/flumine.io\/index.php\/wp-json\/wp\/v2\/pages\/495\/revisions\/1253"}],"wp:attachment":[{"href":"https:\/\/flumine.io\/index.php\/wp-json\/wp\/v2\/media?parent=495"}],"curies":[{"name":"wp","href":"https:\/\/api.w.org\/{rel}","templated":true}]}}