{"id":497,"date":"2022-02-21T12:44:08","date_gmt":"2022-02-21T12:44:08","guid":{"rendered":"https:\/\/flumine.io\/index.php\/services\/"},"modified":"2024-01-11T19:15:05","modified_gmt":"2024-01-12T01:15:05","slug":"services","status":"publish","type":"page","link":"https:\/\/flumine.io\/index.php\/services\/","title":{"rendered":"Servicios"},"content":{"rendered":"\n<div class=\"wp-block-uagb-container uagb-block-cef93154 alignfull uagb-is-root-container\"><div class=\"uagb-container-inner-blocks-wrap\">\n<div class=\"wp-block-uagb-advanced-heading uagb-block-ee43a231\"><h1 class=\"uagb-heading-text\">Servicios<\/h1><\/div>\n<\/div><\/div>\n\n\n\n<div class=\"wp-block-uagb-container uagb-block-ca134fa2 alignfull uagb-is-root-container\"><div class=\"uagb-container-inner-blocks-wrap\">\n<div class=\"wp-block-uagb-advanced-heading uagb-block-07e44836\"><h3 class=\"uagb-heading-text\">Nuestras soluciones<\/h3><\/div>\n\n\n\n<div class=\"wp-block-uagb-advanced-heading uagb-block-6af04f91\"><h2 class=\"uagb-heading-text\">Servicios ofertados<\/h2><\/div>\n\n\n\n<div class=\"wp-block-uagb-container uagb-block-f146ec6e\">\n<div class=\"wp-block-uagb-container uagb-block-f50f2433\">\n<div class=\"wp-block-uagb-container uagb-block-128e95da\">\n<div class=\"wp-block-uagb-info-box uagb-block-85057de5 uagb-infobox__content-wrap  uagb-infobox-icon-above-title uagb-infobox-image-valign-top\"><div class=\"uagb-ifb-content\"><div class=\"uagb-ifb-image-content\"><img decoding=\"async\" src=\"http:\/\/flumine.io\/wp-content\/uploads\/2023\/12\/mockup-2-scaled.jpg\" alt=\"\" width=\"2560\" height=\"1707\" loading=\"lazy\"\/><\/div><div class=\"uagb-ifb-title-wrap\"><h3 class=\"uagb-ifb-title\">Control Generaci\u00f3n El\u00e9ctrica<\/h3><\/div><p class=\"uagb-ifb-desc\">En Flumine, nos especializamos en soluciones avanzadas de control energ\u00e9tico dise\u00f1adas para brindar eficiencia y confiabilidad en entornos de generaci\u00f3n y gesti\u00f3n de energ\u00eda. Desde tableros b\u00e1sicos de transferencia de fuentes de energ\u00eda hasta complejos sistemas de gesti\u00f3n de microgrids.<br><\/p><\/div><\/div>\n<\/div>\n\n\n\n<div class=\"wp-block-uagb-container uagb-block-78a889ca\">\n<div class=\"wp-block-uagb-info-box uagb-block-a2af7462 uagb-infobox__content-wrap  uagb-infobox-icon-above-title uagb-infobox-image-valign-top\"><div class=\"uagb-ifb-content\"><div class=\"uagb-ifb-image-content\"><img decoding=\"async\" src=\"http:\/\/flumine.io\/wp-content\/uploads\/2023\/12\/mockup-4-1024x683.jpg\" alt=\"\" width=\"1024\" height=\"683\" loading=\"lazy\"\/><\/div><div class=\"uagb-ifb-title-wrap\"><h3 class=\"uagb-ifb-title\">Automatizaci\u00f3n industrial<\/h3><\/div><p class=\"uagb-ifb-desc\">Desarrollo e implementaci\u00f3n de sistemas de control industriales inteligentes para optimizar la producci\u00f3n y la eficiencia en procesos industriales.<br><br><br><br><\/p><\/div><\/div>\n<\/div>\n\n\n\n<div class=\"wp-block-uagb-container uagb-block-86d5f74b\">\n<div class=\"wp-block-uagb-info-box uagb-block-d999d4cd uagb-infobox__content-wrap  uagb-infobox-icon-above-title uagb-infobox-image-valign-top\"><div class=\"uagb-ifb-content\"><div class=\"uagb-ifb-image-content\"><img decoding=\"async\" src=\"http:\/\/flumine.io\/wp-content\/uploads\/2023\/12\/industrial-ship-dock-lit-at-night-scaled.jpg\" alt=\"\" width=\"2560\" height=\"1706\" loading=\"lazy\"\/><\/div><div class=\"uagb-ifb-title-wrap\"><h3 class=\"uagb-ifb-title\">Control e instrumentaci\u00f3n Marina.<\/h3><\/div><p class=\"uagb-ifb-desc\">Soluciones especializadas para barcos, yates, buques y plataformas offshore, incluyendo sistemas de navegaci\u00f3n, shore power converters, gesti\u00f3n energ\u00e9tica y control de procesos.<br><br><\/p><\/div><\/div>\n<\/div>\n<\/div>\n<\/div>\n\n\n\n<div class=\"wp-block-uagb-container uagb-block-f9d6554b\">\n<div class=\"wp-block-uagb-container uagb-block-09bf7c5e\">\n<div class=\"wp-block-uagb-container uagb-block-54a64292\">\n<div class=\"wp-block-uagb-info-box uagb-block-1270ce0e uagb-infobox__content-wrap  uagb-infobox-icon-above-title uagb-infobox-image-valign-top\"><div class=\"uagb-ifb-content\"><div class=\"uagb-ifb-image-content\"><img decoding=\"async\" src=\"http:\/\/flumine.io\/wp-content\/uploads\/2023\/12\/mockup-7-scaled.jpg\" alt=\"\" width=\"2560\" height=\"1707\" loading=\"lazy\"\/><\/div><div class=\"uagb-ifb-title-wrap\"><h3 class=\"uagb-ifb-title\">Digitalizaci\u00f3n<\/h3><\/div><p class=\"uagb-ifb-desc\">Consultor\u00eda y asesoramiento en la adopci\u00f3n de tecnolog\u00edas digitales, como Internet de las cosas (IoT), inteligencia artificial (IA) y an\u00e1lisis de datos para mejorar la eficiencia y la toma de decisiones.<br><br><\/p><\/div><\/div>\n<\/div>\n\n\n\n<div class=\"wp-block-uagb-container uagb-block-cab68051\">\n<div class=\"wp-block-uagb-info-box uagb-block-ee20ec3d uagb-infobox__content-wrap  uagb-infobox-icon-above-title uagb-infobox-image-valign-top\"><div class=\"uagb-ifb-content\"><div class=\"uagb-ifb-image-content\"><img decoding=\"async\" src=\"http:\/\/flumine.io\/wp-content\/uploads\/2023\/12\/programmer-focused-on-code-scaled.jpg\" alt=\"\" width=\"2560\" height=\"1707\" loading=\"lazy\"\/><\/div><div class=\"uagb-ifb-title-wrap\"><h3 class=\"uagb-ifb-title\"><strong>Desarrollo de Software a la Medida<\/strong><\/h3><\/div><p class=\"uagb-ifb-desc\">Creaci\u00f3n de software personalizado para la gesti\u00f3n, monitorizaci\u00f3n y control de procesos, adaptado a las necesidades espec\u00edficas de cada cliente y sector.<br><br><\/p><\/div><\/div>\n<\/div>\n\n\n\n<div class=\"wp-block-uagb-container uagb-block-09ec95cf\">\n<div class=\"wp-block-uagb-info-box uagb-block-5c3324a7 uagb-infobox__content-wrap  uagb-infobox-icon-above-title uagb-infobox-image-valign-top\"><div class=\"uagb-ifb-content\"><div class=\"uagb-ifb-image-content\"><img decoding=\"async\" src=\"http:\/\/flumine.io\/wp-content\/uploads\/2023\/12\/mockup-6-scaled.jpg\" alt=\"\" width=\"2560\" height=\"1707\" loading=\"lazy\"\/><\/div><div class=\"uagb-ifb-title-wrap\"><h3 class=\"uagb-ifb-title\"><strong>Soporte T\u00e9cnico y Mantenimiento<\/strong><\/h3><\/div><p class=\"uagb-ifb-desc\">Servicios de asistencia t\u00e9cnica continua, mantenimiento preventivo y actualizaci\u00f3n de sistemas para garantizar un funcionamiento \u00f3ptimo y seguro de las soluciones implementadas<br><\/p><\/div><\/div>\n<\/div>\n<\/div>\n<\/div>\n<\/div><\/div>\n","protected":false},"excerpt":{"rendered":"<p>Servicios Nuestras soluciones Servicios ofertados<\/p>\n","protected":false},"author":1,"featured_media":0,"parent":0,"menu_order":0,"comment_status":"closed","ping_status":"closed","template":"","meta":{"_uag_custom_page_level_css":"","site-sidebar-layout":"no-sidebar","site-content-layout":"plain-container","ast-site-content-layout":"normal-width-container","site-content-style":"unboxed","site-sidebar-style":"unboxed","ast-global-header-display":"","ast-banner-title-visibility":"","ast-main-header-display":"","ast-hfb-above-header-display":"","ast-hfb-below-header-display":"","ast-hfb-mobile-header-display":"","site-post-title":"disabled","ast-breadcrumbs-content":"","ast-featured-img":"disabled","footer-sml-layout":"","theme-transparent-header-meta":"enabled","adv-header-id-meta":"","stick-header-meta":"","header-above-stick-meta":"","header-main-stick-meta":"","header-below-stick-meta":"","astra-migrate-meta-layouts":"set","ast-page-background-enabled":"default","ast-page-background-meta":{"desktop":{"background-color":"var(--ast-global-color-4)","background-image":"","background-repeat":"repeat","background-position":"center center","background-size":"auto","background-attachment":"scroll","background-type":"","background-media":"","overlay-type":"","overlay-color":"","overlay-gradient":""},"tablet":{"background-color":"","background-image":"","background-repeat":"repeat","background-position":"center center","background-size":"auto","background-attachment":"scroll","background-type":"","background-media":"","overlay-type":"","overlay-color":"","overlay-gradient":""},"mobile":{"background-color":"","background-image":"","background-repeat":"repeat","background-position":"center center","background-size":"auto","background-attachment":"scroll","background-type":"","background-media":"","overlay-type":"","overlay-color":"","overlay-gradient":""}},"ast-content-background-meta":{"desktop":{"background-color":"var(--ast-global-color-5)","background-image":"","background-repeat":"repeat","background-position":"center center","background-size":"auto","background-attachment":"scroll","background-type":"","background-media":"","overlay-type":"","overlay-color":"","overlay-gradient":""},"tablet":{"background-color":"var(--ast-global-color-5)","background-image":"","background-repeat":"repeat","background-position":"center center","background-size":"auto","background-attachment":"scroll","background-type":"","background-media":"","overlay-type":"","overlay-color":"","overlay-gradient":""},"mobile":{"background-color":"var(--ast-global-color-5)","background-image":"","background-repeat":"repeat","background-position":"center center","background-size":"auto","background-attachment":"scroll","background-type":"","background-media":"","overlay-type":"","overlay-color":"","overlay-gradient":""}},"footnotes":"","_joinchat":[]},"aioseo_notices":[],"uagb_featured_image_src":{"full":false,"thumbnail":false,"medium":false,"medium_large":false,"large":false,"1536x1536":false,"2048x2048":false},"uagb_author_info":{"display_name":"flumine.io","author_link":"https:\/\/flumine.io\/index.php\/author\/flumine-io\/"},"uagb_comment_info":0,"uagb_excerpt":"Servicios Nuestras soluciones Servicios ofertados","_links":{"self":[{"href":"https:\/\/flumine.io\/index.php\/wp-json\/wp\/v2\/pages\/497"}],"collection":[{"href":"https:\/\/flumine.io\/index.php\/wp-json\/wp\/v2\/pages"}],"about":[{"href":"https:\/\/flumine.io\/index.php\/wp-json\/wp\/v2\/types\/page"}],"author":[{"embeddable":true,"href":"https:\/\/flumine.io\/index.php\/wp-json\/wp\/v2\/users\/1"}],"replies":[{"embeddable":true,"href":"https:\/\/flumine.io\/index.php\/wp-json\/wp\/v2\/comments?post=497"}],"version-history":[{"count":5,"href":"https:\/\/flumine.io\/index.php\/wp-json\/wp\/v2\/pages\/497\/revisions"}],"predecessor-version":[{"id":1294,"href":"https:\/\/flumine.io\/index.php\/wp-json\/wp\/v2\/pages\/497\/revisions\/1294"}],"wp:attachment":[{"href":"https:\/\/flumine.io\/index.php\/wp-json\/wp\/v2\/media?parent=497"}],"curies":[{"name":"wp","href":"https:\/\/api.w.org\/{rel}","templated":true}]}}