{"id":499,"date":"2022-02-21T12:44:52","date_gmt":"2022-02-21T12:44:52","guid":{"rendered":"https:\/\/flumine.io\/index.php\/about\/"},"modified":"2024-01-01T18:04:24","modified_gmt":"2024-01-02T00:04:24","slug":"about","status":"publish","type":"page","link":"https:\/\/flumine.io\/index.php\/about\/","title":{"rendered":"Acerca de"},"content":{"rendered":"\n<div class=\"wp-block-uagb-container uagb-block-37fe9e23 alignfull uagb-is-root-container\"><div class=\"uagb-container-inner-blocks-wrap\">\n<div class=\"wp-block-uagb-advanced-heading uagb-block-d36b578f\"><h1 class=\"uagb-heading-text\">Acerca de nosotros<\/h1><\/div>\n<\/div><\/div>\n\n\n\n<div class=\"wp-block-uagb-container uagb-block-e4be775b alignfull uagb-is-root-container\"><div class=\"uagb-container-inner-blocks-wrap\">\n<div class=\"wp-block-uagb-container uagb-block-9d28413d\">\n<div class=\"wp-block-uagb-advanced-heading uagb-block-197b3fc4\"><h3 class=\"uagb-heading-text\">Acerca de nosotros<\/h3><\/div>\n\n\n\n<div class=\"wp-block-uagb-info-box uagb-block-1160787b uagb-infobox__content-wrap  uagb-infobox-icon-above-title uagb-infobox-image-valign-top\"><div class=\"uagb-ifb-content\"><div class=\"uagb-ifb-title-wrap\"><h2 class=\"uagb-ifb-title\">Nuestro compromiso: Potenciar la eficiencia y la innovaci\u00f3n en la industria.<\/h2><\/div><p class=\"uagb-ifb-desc\">Nos especializamos en la vanguardia de la tecnolog\u00eda de automatizaci\u00f3n y control. Nuestro enfoque est\u00e1 dedicado a potenciar la eficiencia y la innovaci\u00f3n en la industria de generaci\u00f3n el\u00e9ctrica, procesos industriales, la navegaci\u00f3n mar\u00edtima y la transformaci\u00f3n digital.<br><br><strong>Nuestra Misi\u00f3n:<\/strong> Impulsar la excelencia a trav\u00e9s de soluciones personalizadas y avanzadas de automatizaci\u00f3n. Nos comprometemos a optimizar la productividad y la seguridad en los sectores en los que operamos.<br><br>Nuestra Visi\u00f3n: Ser l\u00edderes reconocidos en la implementaci\u00f3n de tecnolog\u00edas avanzadas de automatizaci\u00f3n y control, ofreciendo soluciones personalizadas y de vanguardia que optimicen la productividad y el rendimiento en cada uno de los sectores en los que operamos.<\/p><div class=\"uagb-ifb-button-wrapper wp-block-button\"><a href=\"https:\/\/flumine.io\/services\/\" class=\"uagb-infobox-cta-link wp-block-button__link\" target=\"_self\" rel=\"noopener noreferrer\" onclick=\"return true;\" alt=\"\"><span class=\"uagb-inline-editing\">Nuestros servicios<\/span><\/a><\/div><\/div><\/div>\n<\/div>\n\n\n\n<div class=\"wp-block-uagb-container uagb-block-9a4bad7b\">\n<div class=\"wp-block-uagb-info-box uagb-block-639134ac uagb-infobox__content-wrap  uagb-infobox-icon-left uagb-infobox-left uagb-infobox-image-valign-top\"><div class=\"uagb-ifb-icon-wrap\"><div class=\"uagb-iconbox-icon-wrap uagb-infobox-shape-circle\"><svg xmlns=\"https:\/\/www.w3.org\/2000\/svg\" viewBox=\"0 0 512 512\"><path d=\"M256 224C238.4 224 223.1 238.4 223.1 256S238.4 288 256 288c17.63 0 32-14.38 32-32S273.6 224 256 224zM470.2 128c-10.88-19.5-40.51-50.75-116.3-41.88C332.4 34.88 299.6 0 256 0S179.6 34.88 158.1 86.12C82.34 77.38 52.71 108.5 41.83 128c-16.38 29.38-14.91 73.12 25.23 128c-40.13 54.88-41.61 98.63-25.23 128c29.13 52.38 101.6 43.63 116.3 41.88C179.6 477.1 212.4 512 256 512s76.39-34.88 97.9-86.13C368.5 427.6 441 436.4 470.2 384c16.38-29.38 14.91-73.13-25.23-128C485.1 201.1 486.5 157.4 470.2 128zM95.34 352c-4.001-7.25-.1251-24.75 15-48.25c6.876 6.5 14.13 12.87 21.88 19.12c1.625 13.75 4.001 27.13 6.751 40.13C114.3 363.9 99.09 358.6 95.34 352zM132.2 189.1C124.5 195.4 117.2 201.8 110.3 208.2C95.22 184.8 91.34 167.2 95.34 160c3.376-6.125 16.38-11.5 37.88-11.5c1.75 0 3.876 .375 5.751 .375C136.1 162.2 133.8 175.6 132.2 189.1zM256 64c9.502 0 22.25 13.5 33.88 37.25C278.6 105 267.4 109.3 256 114.1C244.6 109.3 233.4 105 222.1 101.2C233.7 77.5 246.5 64 256 64zM256 448c-9.502 0-22.25-13.5-33.88-37.25C233.4 407 244.6 402.7 256 397.9c11.38 4.875 22.63 9.135 33.88 12.89C278.3 434.5 265.5 448 256 448zM256 336c-44.13 0-80.02-35.88-80.02-80S211.9 176 256 176s80.02 35.88 80.02 80S300.1 336 256 336zM416.7 352c-3.626 6.625-19 11.88-43.63 11c2.751-12.1 5.126-26.38 6.751-40.13c7.752-6.25 15-12.63 21.88-19.12C416.8 327.2 420.7 344.8 416.7 352zM401.7 208.2c-6.876-6.5-14.13-12.87-21.88-19.12c-1.625-13.5-3.876-26.88-6.751-40.25c1.875 0 4.001-.375 5.751-.375c21.5 0 34.51 5.375 37.88 11.5C420.7 167.2 416.8 184.8 401.7 208.2z\"><\/path><\/svg><\/div><\/div><div class=\"uagb-ifb-content\"><div class=\"uagb-ifb-title-wrap\"><h3 class=\"uagb-ifb-title\">Innovaci\u00f3n<\/h3><\/div><p class=\"uagb-ifb-desc\">Nos comprometemos a estar a la vanguardia de la tecnolog\u00eda, desarrollando constantemente nuevas soluciones para satisfacer las demandas cambiantes del mercado.<\/p><\/div><\/div>\n\n\n\n<div class=\"wp-block-uagb-info-box uagb-block-14f4c019 uagb-infobox__content-wrap  uagb-infobox-icon-left uagb-infobox-left uagb-infobox-image-valign-top\"><div class=\"uagb-ifb-icon-wrap\"><div class=\"uagb-iconbox-icon-wrap uagb-infobox-shape-circle\"><svg xmlns=\"https:\/\/www.w3.org\/2000\/svg\" viewBox=\"0 0 640 512\"><path d=\"M128 95.1c26.5 0 47.1-21.5 47.1-47.1S154.5 0 128 0S80.01 21.5 80.01 47.1S101.5 95.1 128 95.1zM511.1 95.1c26.5 0 47.1-21.5 47.1-47.1S538.5 0 511.1 0c-26.5 0-48 21.5-48 47.1S485.5 95.1 511.1 95.1zM603.5 258.3l-18.5-80.13c-4.625-20-18.62-36.88-37.5-44.88c-18.5-8-38.1-6.75-56.12 3.25c-22.62 13.38-39.62 34.5-48.12 59.38l-11.25 33.88l-15.1 10.25L415.1 144c0-8.75-7.25-16-16-16H240c-8.75 0-16 7.25-16 16L224 239.1l-16.12-10.25l-11.25-33.88c-8.375-25-25.38-46-48.12-59.38c-17.25-10-37.63-11.25-56.12-3.25c-18.88 8-32.88 24.88-37.5 44.88l-18.37 80.13c-4.625 20 .7506 41.25 14.37 56.75l67.25 75.88l10.12 92.63C130 499.8 143.8 512 160 512c1.25 0 2.25-.125 3.5-.25c17.62-1.875 30.25-17.62 28.25-35.25l-10-92.75c-1.5-13-7-25.12-15.62-35l-43.37-49l17.62-70.38l6.876 20.38c4 12.5 11.87 23.5 24.5 32.63l51 32.5c4.623 2.875 12.12 4.625 17.25 5h159.1c5.125-.375 12.62-2.125 17.25-5l51-32.5c12.62-9.125 20.5-20 24.5-32.63l6.875-20.38l17.63 70.38l-43.37 49c-8.625 9.875-14.12 22-15.62 35l-10 92.75c-2 17.62 10.75 33.38 28.25 35.25C477.7 511.9 478.7 512 479.1 512c16.12 0 29.1-12.12 31.75-28.5l10.12-92.63L589.1 315C602.7 299.5 608.1 278.3 603.5 258.3zM46.26 358.1l-44 110c-6.5 16.38 1.5 35 17.88 41.63c16.75 6.5 35.12-1.75 41.62-17.88l27.62-69.13l-2-18.25L46.26 358.1zM637.7 468.1l-43.1-110l-41.13 46.38l-2 18.25l27.62 69.13C583.2 504.4 595.2 512 607.1 512c3.998 0 7.998-.75 11.87-2.25C636.2 503.1 644.2 484.5 637.7 468.1z\"><\/path><\/svg><\/div><\/div><div class=\"uagb-ifb-content\"><div class=\"uagb-ifb-title-wrap\"><h3 class=\"uagb-ifb-title\">Colaboraci\u00f3n<\/h3><\/div><p class=\"uagb-ifb-desc\">Trabajamos en estrecha colaboraci\u00f3n con nuestros clientes para comprender sus necesidades espec\u00edficas y proporcionar soluciones a medida.<\/p><\/div><\/div>\n\n\n\n<div class=\"wp-block-uagb-info-box uagb-block-c55bf804 uagb-infobox__content-wrap  uagb-infobox-icon-left uagb-infobox-left uagb-infobox-image-valign-top\"><div class=\"uagb-ifb-icon-wrap\"><div class=\"uagb-iconbox-icon-wrap uagb-infobox-shape-circle\"><svg xmlns=\"https:\/\/www.w3.org\/2000\/svg\" viewBox=\"0 0 384 512\"><path d=\"M336 64h-53.88C268.9 26.8 233.7 0 192 0S115.1 26.8 101.9 64H48C21.5 64 0 85.48 0 112v352C0 490.5 21.5 512 48 512h288c26.5 0 48-21.48 48-48v-352C384 85.48 362.5 64 336 64zM192 64c17.67 0 32 14.33 32 32s-14.33 32-32 32S160 113.7 160 96S174.3 64 192 64zM282.9 262.8l-88 112c-4.047 5.156-10.02 8.438-16.53 9.062C177.6 383.1 176.8 384 176 384c-5.703 0-11.25-2.031-15.62-5.781l-56-48c-10.06-8.625-11.22-23.78-2.594-33.84c8.609-10.06 23.77-11.22 33.84-2.594l36.98 31.69l72.52-92.28c8.188-10.44 23.3-12.22 33.7-4.062C289.3 237.3 291.1 252.4 282.9 262.8z\"><\/path><\/svg><\/div><\/div><div class=\"uagb-ifb-content\"><div class=\"uagb-ifb-title-wrap\"><h3 class=\"uagb-ifb-title\">Calidad<\/h3><\/div><p class=\"uagb-ifb-desc\">Garantizamos la excelencia en cada soluci\u00f3n que ofrecemos, asegurando altos est\u00e1ndares de calidad en cada fase del proyecto.<\/p><\/div><\/div>\n<\/div>\n<\/div><\/div>\n\n\n\n<div class=\"wp-block-uagb-container uagb-block-8fe14de4 alignfull uagb-is-root-container\">\n<div class=\"wp-block-uagb-container uagb-block-a9df32cb\">\n<div class=\"wp-block-uagb-advanced-heading uagb-block-f306e4de\"><h4 class=\"uagb-heading-text\">Sustentabilidad<\/h4><\/div>\n\n\n\n<div class=\"wp-block-uagb-info-box uagb-block-95bb51ac uagb-infobox__content-wrap  uagb-infobox-icon-above-title uagb-infobox-image-valign-top\"><div class=\"uagb-ifb-content\"><div class=\"uagb-ifb-title-wrap\"><h2 class=\"uagb-ifb-title\">Comprometidos futuro m\u00e1s sostenible.<\/h2><\/div><p class=\"uagb-ifb-desc\"><br>En Flumine, la sostenibilidad es el eje central que gu\u00eda cada una de nuestras acciones y decisiones. Nos comprometemos a liderar el cambio hacia un futuro m\u00e1s sostenible en la industria energ\u00e9tica<\/p><div class=\"uagb-ifb-button-wrapper wp-block-button\"><a href=\"https:\/\/flumine.io\/index.php\/contact\/\" class=\"uagb-infobox-cta-link wp-block-button__link\" target=\"_self\" rel=\"noopener noreferrer\" onclick=\"return true;\" alt=\"\"><span class=\"uagb-inline-editing\">Contacto<\/span><\/a><\/div><\/div><\/div>\n<\/div>\n\n\n\n<div class=\"wp-block-uagb-container uagb-block-290b1d46\">\n<div class=\"wp-block-uagb-advanced-heading uagb-block-33642a4f\"><h3 class=\"uagb-heading-text\">Seguimos las mejores practicas<\/h3><p class=\"uagb-desc-text\">En Flumine, nuestra filosof\u00eda empresarial se fundamenta en la implementaci\u00f3n constante de las mejores pr\u00e1cticas en todos los aspectos de nuestras operaciones. Nos comprometemos a:<\/p><\/div>\n\n\n\n<div class=\"wp-block-uagb-icon-list uagb-block-2c5def50\"><div class=\"uagb-icon-list__wrap\">\n<div class=\"wp-block-uagb-icon-list-child uagb-block-6cc6b37f\"><span class=\"uagb-icon-list__source-wrap\"><svg xmlns=\"https:\/\/www.w3.org\/2000\/svg\" viewBox=\"0 0 512 512\"><path d=\"M180.2 243.1C185 263.9 162.2 280.2 144.1 268.8L119.8 253.6l-50.9 81.43c-13.33 21.32 2.004 48.98 27.15 48.98h32.02c17.64 0 31.98 14.32 31.98 31.96c0 17.64-14.34 32.05-31.98 32.05H96.15c-75.36 0-121.3-82.84-81.47-146.8L65.51 219.8L41.15 204.5C23.04 193.1 27.66 165.5 48.48 160.7l91.43-21.15C148.5 137.7 157.2 142.9 159.2 151.6L180.2 243.1zM283.1 78.96l41.25 66.14l-24.25 15.08c-18.16 11.31-13.57 38.94 7.278 43.77l91.4 21.15c8.622 1.995 17.23-3.387 19.21-12.01l21.04-91.43c4.789-20.81-17.95-37.05-36.07-25.76l-24.36 15.2L337.4 45.14c-37.58-60.14-125.2-60.18-162.8-.0617L167.2 56.9C157.9 71.75 162.5 91.58 177.3 100.9c14.92 9.359 34.77 4.886 44.11-10.04l7.442-11.89C241.6 58.58 270.9 59.33 283.1 78.96zM497.3 301.3l-16.99-27.26c-9.336-14.98-29.06-19.56-44.04-10.21c-14.94 9.318-19.52 29.15-10.18 44.08l16.99 27.15c13.35 21.32-1.984 49-27.14 49h-95.99l.0234-28.74c0-21.38-25.85-32.09-40.97-16.97l-66.41 66.43c-6.222 6.223-6.222 16.41 .0044 22.63l66.42 66.34c15.12 15.1 40.95 4.386 40.95-16.98l-.0234-28.68h95.86C491.2 448.1 537.2 365.2 497.3 301.3z\"><\/path><\/svg><\/span><span class=\"uagb-icon-list__label\">Sustentabilidad<\/span><\/div>\n\n\n\n<div class=\"wp-block-uagb-icon-list-child uagb-block-b2b23553\"><span class=\"uagb-icon-list__source-wrap\"><svg xmlns=\"https:\/\/www.w3.org\/2000\/svg\" viewBox=\"0 0 512 512\"><path d=\"M256 512C114.6 512 0 397.4 0 256C0 114.6 114.6 0 256 0C397.4 0 512 114.6 512 256C512 397.4 397.4 512 256 512zM232 256C232 264 236 271.5 242.7 275.1L338.7 339.1C349.7 347.3 364.6 344.3 371.1 333.3C379.3 322.3 376.3 307.4 365.3 300L280 243.2V120C280 106.7 269.3 96 255.1 96C242.7 96 231.1 106.7 231.1 120L232 256z\"><\/path><\/svg><\/span><span class=\"uagb-icon-list__label\">Entrega a tiempo de proyectos<\/span><\/div>\n\n\n\n<div class=\"wp-block-uagb-icon-list-child uagb-block-8f410358\"><span class=\"uagb-icon-list__source-wrap\"><svg xmlns=\"https:\/\/www.w3.org\/2000\/svg\" viewBox=\"0 0 576 512\"><path d=\"M528 0h-480C21.5 0 0 21.5 0 48v320C0 394.5 21.5 416 48 416h192L224 464H152C138.8 464 128 474.8 128 488S138.8 512 152 512h272c13.25 0 24-10.75 24-24s-10.75-24-24-24H352L336 416h192c26.5 0 48-21.5 48-48v-320C576 21.5 554.5 0 528 0zM512 288H64V64h448V288z\"><\/path><\/svg><\/span><span class=\"uagb-icon-list__label\">Tecnologia de vanguardia<\/span><\/div>\n\n\n\n<div class=\"wp-block-uagb-icon-list-child uagb-block-f7bd583c\"><span class=\"uagb-icon-list__source-wrap\"><svg xmlns=\"https:\/\/www.w3.org\/2000\/svg\" viewBox=\"0 0 512 512\"><path d=\"M492.7 42.75C517.7 67.74 517.7 108.3 492.7 133.3L436.3 189.7L322.3 75.72L378.7 19.32C403.7-5.678 444.3-5.678 469.3 19.32L492.7 42.75zM44.89 353.2L299.7 98.34L413.7 212.3L158.8 467.1C152.1 473.8 143.8 478.7 134.6 481.4L30.59 511.1C22.21 513.5 13.19 511.1 7.03 504.1C.8669 498.8-1.47 489.8 .9242 481.4L30.65 377.4C33.26 368.2 38.16 359.9 44.89 353.2zM249.4 103.4L103.4 249.4L16 161.9C-2.745 143.2-2.745 112.8 16 94.06L94.06 16C112.8-2.745 143.2-2.745 161.9 16L181.7 35.76C181.4 36.05 181 36.36 180.7 36.69L116.7 100.7C110.4 106.9 110.4 117.1 116.7 123.3C122.9 129.6 133.1 129.6 139.3 123.3L203.3 59.31C203.6 58.99 203.1 58.65 204.2 58.3L249.4 103.4zM453.7 307.8C453.4 308 453 308.4 452.7 308.7L388.7 372.7C382.4 378.9 382.4 389.1 388.7 395.3C394.9 401.6 405.1 401.6 411.3 395.3L475.3 331.3C475.6 330.1 475.1 330.6 476.2 330.3L496 350.1C514.7 368.8 514.7 399.2 496 417.9L417.9 496C399.2 514.7 368.8 514.7 350.1 496L262.6 408.6L408.6 262.6L453.7 307.8z\"><\/path><\/svg><\/span><span class=\"uagb-icon-list__label\">Mejora continua<\/span><\/div>\n<\/div><\/div>\n<\/div>\n<\/div>\n\n\n\n<div class=\"wp-block-uagb-container uagb-block-203326f0 alignfull uagb-is-root-container\"><div class=\"uagb-container-inner-blocks-wrap\"><\/div><\/div>\n","protected":false},"excerpt":{"rendered":"<p>Acerca de nosotros Acerca de nosotros Sustentabilidad Seguimos las mejores practicas En Flumine, nuestra filosof\u00eda empresarial se fundamenta en la implementaci\u00f3n constante de las mejores pr\u00e1cticas en todos los aspectos de nuestras operaciones. Nos comprometemos a:<\/p>\n","protected":false},"author":1,"featured_media":0,"parent":0,"menu_order":0,"comment_status":"closed","ping_status":"closed","template":"","meta":{"_uag_custom_page_level_css":"","site-sidebar-layout":"no-sidebar","site-content-layout":"plain-container","ast-site-content-layout":"normal-width-container","site-content-style":"unboxed","site-sidebar-style":"unboxed","ast-global-header-display":"","ast-banner-title-visibility":"","ast-main-header-display":"","ast-hfb-above-header-display":"","ast-hfb-below-header-display":"","ast-hfb-mobile-header-display":"","site-post-title":"disabled","ast-breadcrumbs-content":"","ast-featured-img":"disabled","footer-sml-layout":"","theme-transparent-header-meta":"enabled","adv-header-id-meta":"","stick-header-meta":"","header-above-stick-meta":"","header-main-stick-meta":"","header-below-stick-meta":"","astra-migrate-meta-layouts":"set","ast-page-background-enabled":"default","ast-page-background-meta":{"desktop":{"background-color":"var(--ast-global-color-4)","background-image":"","background-repeat":"repeat","background-position":"center center","background-size":"auto","background-attachment":"scroll","background-type":"","background-media":"","overlay-type":"","overlay-color":"","overlay-gradient":""},"tablet":{"background-color":"","background-image":"","background-repeat":"repeat","background-position":"center center","background-size":"auto","background-attachment":"scroll","background-type":"","background-media":"","overlay-type":"","overlay-color":"","overlay-gradient":""},"mobile":{"background-color":"","background-image":"","background-repeat":"repeat","background-position":"center center","background-size":"auto","background-attachment":"scroll","background-type":"","background-media":"","overlay-type":"","overlay-color":"","overlay-gradient":""}},"ast-content-background-meta":{"desktop":{"background-color":"var(--ast-global-color-5)","background-image":"","background-repeat":"repeat","background-position":"center center","background-size":"auto","background-attachment":"scroll","background-type":"","background-media":"","overlay-type":"","overlay-color":"","overlay-gradient":""},"tablet":{"background-color":"var(--ast-global-color-5)","background-image":"","background-repeat":"repeat","background-position":"center center","background-size":"auto","background-attachment":"scroll","background-type":"","background-media":"","overlay-type":"","overlay-color":"","overlay-gradient":""},"mobile":{"background-color":"var(--ast-global-color-5)","background-image":"","background-repeat":"repeat","background-position":"center center","background-size":"auto","background-attachment":"scroll","background-type":"","background-media":"","overlay-type":"","overlay-color":"","overlay-gradient":""}},"footnotes":"","_joinchat":[]},"aioseo_notices":[],"uagb_featured_image_src":{"full":false,"thumbnail":false,"medium":false,"medium_large":false,"large":false,"1536x1536":false,"2048x2048":false},"uagb_author_info":{"display_name":"flumine.io","author_link":"https:\/\/flumine.io\/index.php\/author\/flumine-io\/"},"uagb_comment_info":0,"uagb_excerpt":"Acerca de nosotros Acerca de nosotros Sustentabilidad Seguimos las mejores practicas En Flumine, nuestra filosof\u00eda empresarial se fundamenta en la implementaci\u00f3n constante de las mejores pr\u00e1cticas en todos los aspectos de nuestras operaciones. Nos comprometemos a:","_links":{"self":[{"href":"https:\/\/flumine.io\/index.php\/wp-json\/wp\/v2\/pages\/499"}],"collection":[{"href":"https:\/\/flumine.io\/index.php\/wp-json\/wp\/v2\/pages"}],"about":[{"href":"https:\/\/flumine.io\/index.php\/wp-json\/wp\/v2\/types\/page"}],"author":[{"embeddable":true,"href":"https:\/\/flumine.io\/index.php\/wp-json\/wp\/v2\/users\/1"}],"replies":[{"embeddable":true,"href":"https:\/\/flumine.io\/index.php\/wp-json\/wp\/v2\/comments?post=499"}],"version-history":[{"count":5,"href":"https:\/\/flumine.io\/index.php\/wp-json\/wp\/v2\/pages\/499\/revisions"}],"predecessor-version":[{"id":1264,"href":"https:\/\/flumine.io\/index.php\/wp-json\/wp\/v2\/pages\/499\/revisions\/1264"}],"wp:attachment":[{"href":"https:\/\/flumine.io\/index.php\/wp-json\/wp\/v2\/media?parent=499"}],"curies":[{"name":"wp","href":"https:\/\/api.w.org\/{rel}","templated":true}]}}